{"id":23,"date":"2021-05-11T16:14:57","date_gmt":"2021-05-11T19:14:57","guid":{"rendered":"https:\/\/2021.coloquioaprendizados.com\/?page_id=23"},"modified":"2021-05-14T13:02:39","modified_gmt":"2021-05-14T16:02:39","slug":"formas-de-participacoes-e-inscricoes","status":"publish","type":"page","link":"https:\/\/2021.coloquioaprendizados.com\/index.php\/formas-de-participacoes-e-inscricoes\/","title":{"rendered":"FORMAS DE PARTICIPA\u00c7\u00d5ES E INSCRI\u00c7\u00d5ES"},"content":{"rendered":"\t\t<div data-elementor-type=\"wp-page\" data-elementor-id=\"23\" class=\"elementor elementor-23\" data-elementor-post-type=\"page\">\n\t\t\t\t\t\t<section class=\"elementor-section elementor-top-section elementor-element elementor-element-26ef2be elementor-section-boxed elementor-section-height-default elementor-section-height-default\" data-id=\"26ef2be\" data-element_type=\"section\" data-e-type=\"section\">\n\t\t\t\t\t\t<div class=\"elementor-container elementor-column-gap-default\">\n\t\t\t\t\t<div class=\"elementor-column elementor-col-100 elementor-top-column elementor-element elementor-element-25cf39c\" data-id=\"25cf39c\" data-element_type=\"column\" data-e-type=\"column\">\n\t\t\t<div class=\"elementor-widget-wrap elementor-element-populated\">\n\t\t\t\t\t\t<div class=\"elementor-element elementor-element-92cf252 elementor-widget elementor-widget-heading\" data-id=\"92cf252\" data-element_type=\"widget\" data-e-type=\"widget\" data-widget_type=\"heading.default\">\n\t\t\t\t<div class=\"elementor-widget-container\">\n\t\t\t\t\t<h2 class=\"elementor-heading-title elementor-size-default\">FORMAS DE PARTICIPA\u00c7\u00d5ES E INSCRI\u00c7\u00d5ES<\/h2>\t\t\t\t<\/div>\n\t\t\t\t<\/div>\n\t\t\t\t<div class=\"elementor-element elementor-element-e2ab4ea elementor-widget elementor-widget-text-editor\" data-id=\"e2ab4ea\" data-element_type=\"widget\" data-e-type=\"widget\" data-widget_type=\"text-editor.default\">\n\t\t\t\t<div class=\"elementor-widget-container\">\n\t\t\t\t\t\t\t\t\t<p><span style=\"font-weight: 400;\">Os participantes dever\u00e3o realizar sua inscri\u00e7\u00e3o no <\/span><i><span style=\"font-weight: 400;\">site<\/span><\/i><span style=\"font-weight: 400;\"> do evento, dispon\u00edvel em XXX, quando informar\u00e3o dados para um cadastro b\u00e1sico dos pesquisadores que acorrem e acolhem a proposta. O e-mail ser\u00e1 o <\/span><i><span style=\"font-weight: 400;\">password, <\/span><\/i><span style=\"font-weight: 400;\">a senha com a qual poder\u00e3o ser admitidos nas plataformas em que se realizar\u00e3o as atividades.<\/span><\/p><p><span style=\"font-weight: 400;\">Qualquer participante, al\u00e9m de ouvinte, pode enviar trabalho, em um dos seguintes tipos:<\/span><\/p><ol><li style=\"font-weight: 400;\" aria-level=\"1\"><span style=\"font-weight: 400;\">resumo expandido de pesquisa \u2014 resumo-s\u00edntese da pesquisa realizada\/ou em realiza\u00e7\u00e3o com, no m\u00e1ximo, 4 p\u00e1ginas, em formato A4, margens esquerda e superior 3cm, direita e inferior 2cm; fonte Garamond 12 (cita\u00e7\u00e3o segundo regras ABNT, corpo 11); entrelinhamento 1,5cm; contendo: objeto do estudo; quest\u00f5es da pesquisa; aportes te\u00f3rico-metodol\u00f3gicos e procedimentos adotados; resultados; refer\u00eancias (ABNT). O resumo-s\u00edntese deve indicar o eixo a que se vincula; ag\u00eancia de financiamento, quando houver; institui\u00e7\u00e3o em que se desenvolve.<\/span><\/li><li style=\"font-weight: 400;\" aria-level=\"1\"><span style=\"font-weight: 400;\">relato de experi\u00eancia \u2014 resumo-s\u00edntese da experi\u00eancia realizada\/ou em realiza\u00e7\u00e3o com, no m\u00e1ximo, 4 p\u00e1ginas, em formato A4, margens esquerda e superior 3cm, direita e inferior 2cm; fonte Garamond 12 (cita\u00e7\u00e3o segundo regras ABNT, corpo 11); entrelinhamento 1,5cm;\u00a0 contendo: natureza da experi\u00eancia; motiva\u00e7\u00f5es do realizador; contextos em que se desenvolve\/eu (institui\u00e7\u00e3o, localidade, grupo de pessoas etc.); pr\u00e1ticas pedag\u00f3gicas\/educativas realizadas; resultados; refer\u00eancias (ABNT, se houver). O resumo-s\u00edntese deve indicar o eixo a que se vincula; se com recursos, a origem desses recursos; institui\u00e7\u00e3o em que se desenvolve\/eu.<\/span><\/li><li style=\"font-weight: 400;\" aria-level=\"1\"><span style=\"font-weight: 400;\">v\u00eddeo\/filme de pesquisa \u2014 resumo-s\u00edntese do v\u00eddeo com, no m\u00e1ximo, 4 p\u00e1ginas, em formato A4, margens esquerda e superior 3cm, direita e inferior 2cm; fonte Garamond 12 (cita\u00e7\u00e3o segundo regras ABNT, corpo 11); entrelinhamento 1,5cm;\u00a0 contendo: objetivo; contexto em que se desenvolve\/eu (institui\u00e7\u00e3o, localidade, grupo de pessoas etc.); finalidade; equipe realizadora; origem dos recursos que o financiaram. O v\u00eddeo deve ter rela\u00e7\u00e3o direta com a tem\u00e1tica do evento, indicando o eixo a que se vincula e n\u00e3o deve ultrapassar 8min de exibi\u00e7\u00e3o.<\/span><\/li><\/ol>\t\t\t\t\t\t\t\t<\/div>\n\t\t\t\t<\/div>\n\t\t\t\t\t<\/div>\n\t\t<\/div>\n\t\t\t\t\t<\/div>\n\t\t<\/section>\n\t\t\t\t<\/div>\n\t\t","protected":false},"excerpt":{"rendered":"<p>FORMAS DE PARTICIPA\u00c7\u00d5ES E INSCRI\u00c7\u00d5ES Os participantes dever\u00e3o realizar sua inscri\u00e7\u00e3o no site do evento, dispon\u00edvel em XXX, quando informar\u00e3o dados para um cadastro b\u00e1sico dos pesquisadores que acorrem e acolhem a proposta. O e-mail ser\u00e1 o password, a senha com a qual poder\u00e3o ser admitidos nas plataformas em que se realizar\u00e3o as atividades. Qualquer [&hellip;]<\/p>\n","protected":false},"author":1,"featured_media":0,"parent":0,"menu_order":7,"comment_status":"closed","ping_status":"closed","template":"elementor_canvas","meta":{"om_disable_all_campaigns":false,"_monsterinsights_skip_tracking":false,"_monsterinsights_sitenote_active":false,"_monsterinsights_sitenote_note":"","_monsterinsights_sitenote_category":0,"footnotes":""},"class_list":["post-23","page","type-page","status-publish","hentry"],"aioseo_notices":[],"_links":{"self":[{"href":"https:\/\/2021.coloquioaprendizados.com\/index.php\/wp-json\/wp\/v2\/pages\/23","targetHints":{"allow":["GET"]}}],"collection":[{"href":"https:\/\/2021.coloquioaprendizados.com\/index.php\/wp-json\/wp\/v2\/pages"}],"about":[{"href":"https:\/\/2021.coloquioaprendizados.com\/index.php\/wp-json\/wp\/v2\/types\/page"}],"author":[{"embeddable":true,"href":"https:\/\/2021.coloquioaprendizados.com\/index.php\/wp-json\/wp\/v2\/users\/1"}],"replies":[{"embeddable":true,"href":"https:\/\/2021.coloquioaprendizados.com\/index.php\/wp-json\/wp\/v2\/comments?post=23"}],"version-history":[{"count":7,"href":"https:\/\/2021.coloquioaprendizados.com\/index.php\/wp-json\/wp\/v2\/pages\/23\/revisions"}],"predecessor-version":[{"id":274,"href":"https:\/\/2021.coloquioaprendizados.com\/index.php\/wp-json\/wp\/v2\/pages\/23\/revisions\/274"}],"wp:attachment":[{"href":"https:\/\/2021.coloquioaprendizados.com\/index.php\/wp-json\/wp\/v2\/media?parent=23"}],"curies":[{"name":"wp","href":"https:\/\/api.w.org\/{rel}","templated":true}]}}