{"id":15,"date":"2021-05-11T16:02:15","date_gmt":"2021-05-11T19:02:15","guid":{"rendered":"https:\/\/2021.coloquioaprendizados.com\/?page_id=15"},"modified":"2022-08-02T17:51:50","modified_gmt":"2022-08-02T20:51:50","slug":"programacao","status":"publish","type":"page","link":"https:\/\/2021.coloquioaprendizados.com\/index.php\/programacao\/","title":{"rendered":"PROGRAMA\u00c7\u00c3O"},"content":{"rendered":"\t\t<div data-elementor-type=\"wp-page\" data-elementor-id=\"15\" class=\"elementor elementor-15\" data-elementor-post-type=\"page\">\n\t\t\t\t\t\t<section class=\"elementor-section elementor-top-section elementor-element elementor-element-3582010 elementor-section-boxed elementor-section-height-default elementor-section-height-default\" data-id=\"3582010\" data-element_type=\"section\" data-e-type=\"section\" data-settings=\"{&quot;background_background&quot;:&quot;classic&quot;}\">\n\t\t\t\t\t\t<div class=\"elementor-container elementor-column-gap-default\">\n\t\t\t\t\t<div class=\"elementor-column elementor-col-100 elementor-top-column elementor-element elementor-element-70cd0e6\" data-id=\"70cd0e6\" data-element_type=\"column\" data-e-type=\"column\">\n\t\t\t<div class=\"elementor-widget-wrap elementor-element-populated\">\n\t\t\t\t\t\t<section class=\"elementor-section elementor-inner-section elementor-element elementor-element-36c540e elementor-section-boxed elementor-section-height-default elementor-section-height-default\" data-id=\"36c540e\" data-element_type=\"section\" data-e-type=\"section\">\n\t\t\t\t\t\t<div class=\"elementor-container elementor-column-gap-default\">\n\t\t\t\t\t<div class=\"elementor-column elementor-col-50 elementor-inner-column elementor-element elementor-element-3075eae\" data-id=\"3075eae\" data-element_type=\"column\" data-e-type=\"column\">\n\t\t\t<div class=\"elementor-widget-wrap elementor-element-populated\">\n\t\t\t\t\t\t<div class=\"elementor-element elementor-element-decd29b elementor-widget elementor-widget-image\" data-id=\"decd29b\" data-element_type=\"widget\" data-e-type=\"widget\" data-widget_type=\"image.default\">\n\t\t\t\t<div class=\"elementor-widget-container\">\n\t\t\t\t\t\t\t\t\t\t\t\t\t\t\t\t<a href=\"https:\/\/2021.coloquioaprendizados.com\/index.php\/home\/\">\n\t\t\t\t\t\t\t<img fetchpriority=\"high\" decoding=\"async\" width=\"700\" height=\"700\" src=\"https:\/\/2021.coloquioaprendizados.com\/wp-content\/uploads\/2021\/05\/coloquio-aprendizados-Logo-1.jpeg\" class=\"attachment-large size-large wp-image-194\" alt=\"\" srcset=\"https:\/\/2021.coloquioaprendizados.com\/wp-content\/uploads\/2021\/05\/coloquio-aprendizados-Logo-1.jpeg 700w, https:\/\/2021.coloquioaprendizados.com\/wp-content\/uploads\/2021\/05\/coloquio-aprendizados-Logo-1-300x300.jpeg 300w, https:\/\/2021.coloquioaprendizados.com\/wp-content\/uploads\/2021\/05\/coloquio-aprendizados-Logo-1-150x150.jpeg 150w\" sizes=\"(max-width: 700px) 100vw, 700px\" \/>\t\t\t\t\t\t\t\t<\/a>\n\t\t\t\t\t\t\t\t\t\t\t\t\t\t\t<\/div>\n\t\t\t\t<\/div>\n\t\t\t\t\t<\/div>\n\t\t<\/div>\n\t\t\t\t<div class=\"elementor-column elementor-col-50 elementor-inner-column elementor-element elementor-element-5527db7\" data-id=\"5527db7\" data-element_type=\"column\" data-e-type=\"column\">\n\t\t\t<div class=\"elementor-widget-wrap elementor-element-populated\">\n\t\t\t\t\t\t<div class=\"elementor-element elementor-element-8240aa1 elementor-icon-list--layout-inline elementor-align-center elementor-mobile-align-center elementor-tablet-align-center elementor-list-item-link-full_width elementor-widget elementor-widget-icon-list\" data-id=\"8240aa1\" data-element_type=\"widget\" data-e-type=\"widget\" data-widget_type=\"icon-list.default\">\n\t\t\t\t<div class=\"elementor-widget-container\">\n\t\t\t\t\t\t\t<ul class=\"elementor-icon-list-items elementor-inline-items\">\n\t\t\t\t\t\t\t<li class=\"elementor-icon-list-item elementor-inline-item\">\n\t\t\t\t\t\t\t\t\t\t\t<a href=\"https:\/\/2021.coloquioaprendizados.com\/index.php\/\">\n\n\t\t\t\t\t\t\t\t\t\t\t<span class=\"elementor-icon-list-text\">HOME<\/span>\n\t\t\t\t\t\t\t\t\t\t\t<\/a>\n\t\t\t\t\t\t\t\t\t<\/li>\n\t\t\t\t\t\t\t\t<li class=\"elementor-icon-list-item elementor-inline-item\">\n\t\t\t\t\t\t\t\t\t\t\t<a href=\"https:\/\/2021.coloquioaprendizados.com\/index.php\/nossa-logo\/\">\n\n\t\t\t\t\t\t\t\t\t\t\t<span class=\"elementor-icon-list-text\">NOSSA LOGO<\/span>\n\t\t\t\t\t\t\t\t\t\t\t<\/a>\n\t\t\t\t\t\t\t\t\t<\/li>\n\t\t\t\t\t\t\t\t<li class=\"elementor-icon-list-item elementor-inline-item\">\n\t\t\t\t\t\t\t\t\t\t\t<a href=\"https:\/\/2021.coloquioaprendizados.com\/index.php\/nossa-musica\/\">\n\n\t\t\t\t\t\t\t\t\t\t\t<span class=\"elementor-icon-list-text\">NOSSA M\u00daSICA<\/span>\n\t\t\t\t\t\t\t\t\t\t\t<\/a>\n\t\t\t\t\t\t\t\t\t<\/li>\n\t\t\t\t\t\t\t\t<li class=\"elementor-icon-list-item elementor-inline-item\">\n\t\t\t\t\t\t\t\t\t\t\t<a href=\"https:\/\/2021.coloquioaprendizados.com\/index.php\/historico\/\">\n\n\t\t\t\t\t\t\t\t\t\t\t<span class=\"elementor-icon-list-text\">HIST\u00d3RICO<\/span>\n\t\t\t\t\t\t\t\t\t\t\t<\/a>\n\t\t\t\t\t\t\t\t\t<\/li>\n\t\t\t\t\t\t\t\t<li class=\"elementor-icon-list-item elementor-inline-item\">\n\t\t\t\t\t\t\t\t\t\t\t<a href=\"https:\/\/2021.coloquioaprendizados.com\/index.php\/programacao\/\">\n\n\t\t\t\t\t\t\t\t\t\t\t<span class=\"elementor-icon-list-text\">PROGRAMA\u00c7\u00c3O<\/span>\n\t\t\t\t\t\t\t\t\t\t\t<\/a>\n\t\t\t\t\t\t\t\t\t<\/li>\n\t\t\t\t\t\t\t\t<li class=\"elementor-icon-list-item elementor-inline-item\">\n\t\t\t\t\t\t\t\t\t\t\t<a href=\"https:\/\/2021.coloquioaprendizados.com\/index.php\/eixos-tematicos\/\">\n\n\t\t\t\t\t\t\t\t\t\t\t<span class=\"elementor-icon-list-text\">EIXOS<\/span>\n\t\t\t\t\t\t\t\t\t\t\t<\/a>\n\t\t\t\t\t\t\t\t\t<\/li>\n\t\t\t\t\t\t\t\t<li class=\"elementor-icon-list-item elementor-inline-item\">\n\t\t\t\t\t\t\t\t\t\t\t<a href=\"https:\/\/2021.coloquioaprendizados.com\/index.php\/comite-cientifico\/\">\n\n\t\t\t\t\t\t\t\t\t\t\t<span class=\"elementor-icon-list-text\">COMIT\u00ca<\/span>\n\t\t\t\t\t\t\t\t\t\t\t<\/a>\n\t\t\t\t\t\t\t\t\t<\/li>\n\t\t\t\t\t\t\t\t<li class=\"elementor-icon-list-item elementor-inline-item\">\n\t\t\t\t\t\t\t\t\t\t\t<a href=\"https:\/\/2021.coloquioaprendizados.com\/index.php\/comissao-organizadora\/\">\n\n\t\t\t\t\t\t\t\t\t\t\t<span class=\"elementor-icon-list-text\">COMISS\u00c3O<\/span>\n\t\t\t\t\t\t\t\t\t\t\t<\/a>\n\t\t\t\t\t\t\t\t\t<\/li>\n\t\t\t\t\t\t\t\t<li class=\"elementor-icon-list-item elementor-inline-item\">\n\t\t\t\t\t\t\t\t\t\t\t<a href=\"https:\/\/2021.coloquioaprendizados.com\/index.php\/pesquisadores-convidados\/\">\n\n\t\t\t\t\t\t\t\t\t\t\t<span class=\"elementor-icon-list-text\">PESQUISADORES<\/span>\n\t\t\t\t\t\t\t\t\t\t\t<\/a>\n\t\t\t\t\t\t\t\t\t<\/li>\n\t\t\t\t\t\t\t\t<li class=\"elementor-icon-list-item elementor-inline-item\">\n\t\t\t\t\t\t\t\t\t\t\t<a href=\"https:\/\/2021.coloquioaprendizados.com\/index.php\/inscricoes\/\">\n\n\t\t\t\t\t\t\t\t\t\t\t<span class=\"elementor-icon-list-text\">INSCRI\u00c7\u00d5ES<\/span>\n\t\t\t\t\t\t\t\t\t\t\t<\/a>\n\t\t\t\t\t\t\t\t\t<\/li>\n\t\t\t\t\t\t<\/ul>\n\t\t\t\t\t\t<\/div>\n\t\t\t\t<\/div>\n\t\t\t\t\t<\/div>\n\t\t<\/div>\n\t\t\t\t\t<\/div>\n\t\t<\/section>\n\t\t\t\t\t<\/div>\n\t\t<\/div>\n\t\t\t\t\t<\/div>\n\t\t<\/section>\n\t\t\t\t<section class=\"elementor-section elementor-top-section elementor-element elementor-element-6e2543a elementor-section-boxed elementor-section-height-default elementor-section-height-default\" data-id=\"6e2543a\" data-element_type=\"section\" data-e-type=\"section\" data-settings=\"{&quot;background_background&quot;:&quot;classic&quot;}\">\n\t\t\t\t\t\t\t<div class=\"elementor-background-overlay\"><\/div>\n\t\t\t\t\t\t\t<div class=\"elementor-container elementor-column-gap-default\">\n\t\t\t\t\t<div class=\"elementor-column elementor-col-100 elementor-top-column elementor-element elementor-element-29f2d4e\" data-id=\"29f2d4e\" data-element_type=\"column\" data-e-type=\"column\">\n\t\t\t<div class=\"elementor-widget-wrap elementor-element-populated\">\n\t\t\t\t\t\t<div class=\"elementor-element elementor-element-9fa96db elementor-widget elementor-widget-heading\" data-id=\"9fa96db\" data-element_type=\"widget\" data-e-type=\"widget\" data-widget_type=\"heading.default\">\n\t\t\t\t<div class=\"elementor-widget-container\">\n\t\t\t\t\t<h2 class=\"elementor-heading-title elementor-size-default\">Programa\u00e7\u00e3o<\/h2>\t\t\t\t<\/div>\n\t\t\t\t<\/div>\n\t\t\t\t\t<\/div>\n\t\t<\/div>\n\t\t\t\t\t<\/div>\n\t\t<\/section>\n\t\t\t\t<section class=\"elementor-section elementor-top-section elementor-element elementor-element-139f2a68 elementor-section-boxed elementor-section-height-default elementor-section-height-default\" data-id=\"139f2a68\" data-element_type=\"section\" data-e-type=\"section\" data-settings=\"{&quot;background_background&quot;:&quot;classic&quot;}\">\n\t\t\t\t\t\t<div class=\"elementor-container elementor-column-gap-default\">\n\t\t\t\t\t<div class=\"elementor-column elementor-col-100 elementor-top-column elementor-element elementor-element-41d23e7d\" data-id=\"41d23e7d\" data-element_type=\"column\" data-e-type=\"column\">\n\t\t\t<div class=\"elementor-widget-wrap elementor-element-populated\">\n\t\t\t\t\t\t<div class=\"elementor-element elementor-element-888f8ee elementor-widget elementor-widget-spacer\" data-id=\"888f8ee\" data-element_type=\"widget\" data-e-type=\"widget\" data-widget_type=\"spacer.default\">\n\t\t\t\t<div class=\"elementor-widget-container\">\n\t\t\t\t\t\t\t<div class=\"elementor-spacer\">\n\t\t\t<div class=\"elementor-spacer-inner\"><\/div>\n\t\t<\/div>\n\t\t\t\t\t\t<\/div>\n\t\t\t\t<\/div>\n\t\t\t\t<div class=\"elementor-element elementor-element-54b0b27c elementor-widget elementor-widget-text-editor\" data-id=\"54b0b27c\" data-element_type=\"widget\" data-e-type=\"widget\" data-widget_type=\"text-editor.default\">\n\t\t\t\t<div class=\"elementor-widget-container\">\n\t\t\t\t\t\t\t\t\t\n<figure class=\"wp-block-table is-style-stripes\">\n<table width=\"100%\">\n<tbody>\n<tr>\n<td width=\"51%\">\n<p><strong>1\u00ba dia \u2014 1\/09\/2021<\/strong><\/p>\n<\/td>\n<td width=\"48%\">\n<p><strong>2\u00ba dia \u2014 2\/09\/2021<\/strong><\/p>\n<\/td>\n<\/tr>\n<tr>\n<td width=\"51%\">\n<p>9h \u2013 9h30min \u2014 Mesa de abertura<\/p>\n<p>Atividade cultural: Escola Port\u00e1til de M\u00fasica<\/p>\n<p>9h30min \u2013 10h40min \u2014 Confer\u00eancia<\/p>\n<p><em>Celebrar Paulo Freire: diversidade no exerc\u00edcio da democracia e em defesa do direito \u00e0 educa\u00e7\u00e3o para jovens, adultos e idosos<\/em><\/p>\n<p>Conferencista: S\u00e9rgio Haddad (A\u00e7\u00e3o Educativa)<\/p>\n<p>Moderador: Osmar F\u00e1vero (UFF)<\/p>\n<p><em>Link YouTube<\/em>: <a href=\"https:\/\/youtu.be\/uyTz6vNzMZs\" target=\"_blank\" rel=\"noopener\">https:\/\/youtu.be\/uyTz6vNzMZs<\/a><\/p>\n<\/td>\n<td width=\"48%\">\n<p>9h \u2013 10h30min \u2014 Confer\u00eancia tem\u00e1tica\u00a0<em>Paulo Freire e diversidade como for\u00e7a pol\u00edtico-cultural<\/em><\/p>\n<p>Conferencista: Jos\u00e9 Gonzalez-Monteagudo (Universidad Sevilla \u2013 Espanha)<\/p>\n<p>Moderador: Jupter Martins de Abreu Junior (Instituto Federal do Rio de Janeiro)<\/p>\n<p><em>Link YouTube<\/em>: <a href=\"https:\/\/youtu.be\/0jeFxG2h_FI\" target=\"_blank\" rel=\"noopener\">https:\/\/youtu.be\/0jeFxG2h_FI<\/a><\/p>\n<\/td>\n<\/tr>\n<tr>\n<td width=\"51%\">\n<p>10h50min \u2013 12h \u2014 Confer\u00eancia tem\u00e1tica\u00a0<em>Paulo Freire e direito \u00e0 educa\u00e7\u00e3o para jovens, adultos e idosos<\/em><\/p>\n<p>Conferencista: Mariana Tosolini (Universidad Nacional de C\u00f3rdoba &#8211; Argentina)<\/p>\n<p>Moderador: Andr\u00e9 L\u00e1zaro<\/p>\n<p><em>Link YouTube<\/em>: <a href=\"https:\/\/youtu.be\/AafJRjmQW38\" target=\"_blank\" rel=\"noopener\">https:\/\/youtu.be\/AafJRjmQW38<\/a><\/p>\n<\/td>\n<td width=\"48%\">\n<p>10h45min \u2013 12h \u2014 Confer\u00eancia tem\u00e1tica\u00a0<em>Paulo Freire e diversidade no exerc\u00edcio da democracia<\/em><\/p>\n<p>Conferencista: Edna Castro de Oliveira (UFES)<\/p>\n<p>Moderador: Jane Paiva<\/p>\n<p><em>Link YouTube<\/em>: <a href=\"https:\/\/youtu.be\/7m5QAkVaVbA\" target=\"_blank\" rel=\"noopener\">https:\/\/youtu.be\/7m5QAkVaVbA<\/a><\/p>\n<\/td>\n<\/tr>\n<tr>\n<td width=\"51%\">\n<p>14h \u2013 18h \u2014 Mesas redondas de apresenta\u00e7\u00e3o de experi\u00eancias\/pesquisas por eixos tem\u00e1ticos, com mediadores, favorecendo o interc\u00e2mbio de investigadores\/as \/ professores\/as \u2014 9 mesas para os 3 eixos.<\/p>\n<p><span style=\"color: #3366ff;\"><a style=\"color: #3366ff;\" href=\"https:\/\/2021.coloquioaprendizados.com\/wp-content\/uploads\/2021\/09\/1set2021.pdf\" target=\"_blank\" rel=\"noopener\"><strong>Consulte aqui!<\/strong><\/a><\/span><\/p>\n<p>Acesso via <a href=\"https:\/\/2021.coloquioaprendizados.com\/index.php\/participante\/\">\u00e1rea do\u00a0participante<\/a>.<\/p>\n<\/td>\n<td width=\"48%\">\n<p>14h \u2013 18h \u2014 Mesas redondas de apresenta\u00e7\u00e3o de experi\u00eancias\/pesquisas por eixos tem\u00e1ticos, com mediadores, favorecendo o interc\u00e2mbio de investigadores\/as \/ professores\/as \u2014 9 mesas para os 3 eixos.<\/p>\n<p><a href=\"https:\/\/2021.coloquioaprendizados.com\/wp-content\/uploads\/2021\/09\/2set2021.pdf\" target=\"_blank\" rel=\"noopener\"><span style=\"color: #3366ff;\"><strong>Consulte aqui!<\/strong><\/span><\/a><\/p>\n<p>Acesso via <a href=\"https:\/\/2021.coloquioaprendizados.com\/index.php\/participante\/\">\u00e1rea do\u00a0participante<\/a>.<\/p>\n<\/td>\n<\/tr>\n<tr>\n<td width=\"51%\">\n<p>18h15min \u2013 19h45min \u2014 Exibi\u00e7\u00e3o de filmes de pesquisa de curta dura\u00e7\u00e3o.<\/p>\n<p>Eduardo dos Santos de Oliveira Braga: Linha Matem\u00e1tica Direta: v\u00eddeo protagonizado por estudantes da Educa\u00e7\u00e3o de Jovens e Adultos<\/p>\n<p>F\u00e1tima Lobato Fernandes; Luciana Bandeira Barcelos: Norival Ferreira de Souza, um brasileiro, entre muitos.<\/p>\n<p>Moderadora: Ana Karina Brenner\u00a0\u00a0\u00a0\u00a0<\/p>\n<p>Apoio GP: Adriana Barbosa; M\u00e1rcia Gomes \u00a0\u00a0\u00a0\u00a0\u00a0\u00a0\u00a0\u00a0\u00a0\u00a0<\/p>\n<p><em>Link YouTube: <a href=\"https:\/\/youtu.be\/Q27NOUE6yz8\">https:\/\/youtu.be\/Q27NOUE6yz8<\/a><\/em><\/p>\n<\/td>\n<td width=\"48%\">\n<p>18h15min \u2013 19h30min \u2014 Atividade cultural de encerramento.<\/p>\n<p>Maviael Melo \u2014 Poeta e cantador, vem do Sert\u00e3o homenagear Paulo Freire<\/p>\n<p><em>Link YouTube: <a href=\"https:\/\/youtu.be\/UPS8RQM_Oiw\">https:\/\/youtu.be\/UPS8RQM_Oiw<\/a><\/em><\/p>\n<\/td>\n<\/tr>\n<\/tbody>\n<\/table>\n<\/figure>\n\n<div id=\"njcdgcofcbnlbpkpdhmlmiblaglnkpnj\">\u00a0<\/div>\n<div id=\"njcdgcofcbnlbpkpdhmlmiblaglnkpnj\">\u00a0<\/div>\n<div id=\"njcdgcofcbnlbpkpdhmlmiblaglnkpnj\">\u00a0<\/div>\n<div id=\"njcdgcofcbnlbpkpdhmlmiblaglnkpnj\">\u00a0<\/div>\n<div id=\"njcdgcofcbnlbpkpdhmlmiblaglnkpnj\">\u00a0<\/div>\t\t\t\t\t\t\t\t<\/div>\n\t\t\t\t<\/div>\n\t\t\t\t\t<\/div>\n\t\t<\/div>\n\t\t\t\t\t<\/div>\n\t\t<\/section>\n\t\t\t\t<section class=\"elementor-section elementor-top-section elementor-element elementor-element-4c9b9b3 elementor-section-boxed elementor-section-height-default elementor-section-height-default elementor-invisible\" data-id=\"4c9b9b3\" data-element_type=\"section\" data-e-type=\"section\" data-settings=\"{&quot;shape_divider_top&quot;:&quot;mountains&quot;,&quot;animation&quot;:&quot;fadeIn&quot;}\">\n\t\t\t\t\t<div class=\"elementor-shape elementor-shape-top\" aria-hidden=\"true\" data-negative=\"false\">\n\t\t\t<svg xmlns=\"http:\/\/www.w3.org\/2000\/svg\" viewBox=\"0 0 1000 100\" preserveAspectRatio=\"none\">\n\t<path class=\"elementor-shape-fill\" opacity=\"0.33\" d=\"M473,67.3c-203.9,88.3-263.1-34-320.3,0C66,119.1,0,59.7,0,59.7V0h1000v59.7 c0,0-62.1,26.1-94.9,29.3c-32.8,3.3-62.8-12.3-75.8-22.1C806,49.6,745.3,8.7,694.9,4.7S492.4,59,473,67.3z\"\/>\n\t<path class=\"elementor-shape-fill\" opacity=\"0.66\" d=\"M734,67.3c-45.5,0-77.2-23.2-129.1-39.1c-28.6-8.7-150.3-10.1-254,39.1 s-91.7-34.4-149.2,0C115.7,118.3,0,39.8,0,39.8V0h1000v36.5c0,0-28.2-18.5-92.1-18.5C810.2,18.1,775.7,67.3,734,67.3z\"\/>\n\t<path class=\"elementor-shape-fill\" d=\"M766.1,28.9c-200-57.5-266,65.5-395.1,19.5C242,1.8,242,5.4,184.8,20.6C128,35.8,132.3,44.9,89.9,52.5C28.6,63.7,0,0,0,0 h1000c0,0-9.9,40.9-83.6,48.1S829.6,47,766.1,28.9z\"\/>\n<\/svg>\t\t<\/div>\n\t\t\t\t\t<div class=\"elementor-container elementor-column-gap-default\">\n\t\t\t\t\t<div class=\"elementor-column elementor-col-33 elementor-top-column elementor-element elementor-element-92d8d51\" data-id=\"92d8d51\" data-element_type=\"column\" data-e-type=\"column\">\n\t\t\t<div class=\"elementor-widget-wrap elementor-element-populated\">\n\t\t\t\t\t\t<div class=\"elementor-element elementor-element-c57a509 elementor-widget elementor-widget-image\" data-id=\"c57a509\" data-element_type=\"widget\" data-e-type=\"widget\" data-widget_type=\"image.default\">\n\t\t\t\t<div class=\"elementor-widget-container\">\n\t\t\t\t\t\t\t\t\t\t\t\t\t\t\t\t<a href=\"https:\/\/2021.coloquioaprendizados.com\/index.php\/nossa-logo\/\">\n\t\t\t\t\t\t\t<img fetchpriority=\"high\" decoding=\"async\" width=\"700\" height=\"700\" src=\"https:\/\/2021.coloquioaprendizados.com\/wp-content\/uploads\/2021\/05\/coloquio-aprendizados-Logo-1.jpeg\" class=\"attachment-large size-large wp-image-194\" alt=\"\" srcset=\"https:\/\/2021.coloquioaprendizados.com\/wp-content\/uploads\/2021\/05\/coloquio-aprendizados-Logo-1.jpeg 700w, https:\/\/2021.coloquioaprendizados.com\/wp-content\/uploads\/2021\/05\/coloquio-aprendizados-Logo-1-300x300.jpeg 300w, https:\/\/2021.coloquioaprendizados.com\/wp-content\/uploads\/2021\/05\/coloquio-aprendizados-Logo-1-150x150.jpeg 150w\" sizes=\"(max-width: 700px) 100vw, 700px\" \/>\t\t\t\t\t\t\t\t<\/a>\n\t\t\t\t\t\t\t\t\t\t\t\t\t\t\t<\/div>\n\t\t\t\t<\/div>\n\t\t\t\t\t<\/div>\n\t\t<\/div>\n\t\t\t\t<div class=\"elementor-column elementor-col-33 elementor-top-column elementor-element elementor-element-0882370\" data-id=\"0882370\" data-element_type=\"column\" data-e-type=\"column\">\n\t\t\t<div class=\"elementor-widget-wrap elementor-element-populated\">\n\t\t\t\t\t\t<div class=\"elementor-element elementor-element-d707c9b elementor-view-default elementor-widget elementor-widget-icon\" data-id=\"d707c9b\" data-element_type=\"widget\" data-e-type=\"widget\" data-widget_type=\"icon.default\">\n\t\t\t\t<div class=\"elementor-widget-container\">\n\t\t\t\t\t\t\t<div class=\"elementor-icon-wrapper\">\n\t\t\t<div class=\"elementor-icon\">\n\t\t\t<i aria-hidden=\"true\" class=\"fas fa-calendar-alt\"><\/i>\t\t\t<\/div>\n\t\t<\/div>\n\t\t\t\t\t\t<\/div>\n\t\t\t\t<\/div>\n\t\t\t\t<div class=\"elementor-element elementor-element-0722f5b elementor-widget elementor-widget-text-editor\" data-id=\"0722f5b\" data-element_type=\"widget\" data-e-type=\"widget\" data-widget_type=\"text-editor.default\">\n\t\t\t\t<div class=\"elementor-widget-container\">\n\t\t\t\t\t\t\t\t\t<p>Confira a programa\u00e7\u00e3o completa!<\/p>\t\t\t\t\t\t\t\t<\/div>\n\t\t\t\t<\/div>\n\t\t\t\t<div class=\"elementor-element elementor-element-35c04dc elementor-align-center elementor-widget elementor-widget-button\" data-id=\"35c04dc\" data-element_type=\"widget\" data-e-type=\"widget\" data-widget_type=\"button.default\">\n\t\t\t\t<div class=\"elementor-widget-container\">\n\t\t\t\t\t\t\t\t\t<div class=\"elementor-button-wrapper\">\n\t\t\t\t\t<a class=\"elementor-button elementor-button-link elementor-size-sm\" href=\"https:\/\/2021.coloquioaprendizados.com\/index.php\/pprogramacao\/\">\n\t\t\t\t\t\t<span class=\"elementor-button-content-wrapper\">\n\t\t\t\t\t\t\t\t\t<span class=\"elementor-button-text\">Clique aqui<\/span>\n\t\t\t\t\t<\/span>\n\t\t\t\t\t<\/a>\n\t\t\t\t<\/div>\n\t\t\t\t\t\t\t\t<\/div>\n\t\t\t\t<\/div>\n\t\t\t\t\t<\/div>\n\t\t<\/div>\n\t\t\t\t<div class=\"elementor-column elementor-col-33 elementor-top-column elementor-element elementor-element-2e3c143\" data-id=\"2e3c143\" data-element_type=\"column\" data-e-type=\"column\">\n\t\t\t<div class=\"elementor-widget-wrap elementor-element-populated\">\n\t\t\t\t\t\t<div class=\"elementor-element elementor-element-d0e97b9 elementor-view-default elementor-widget elementor-widget-icon\" data-id=\"d0e97b9\" data-element_type=\"widget\" data-e-type=\"widget\" data-widget_type=\"icon.default\">\n\t\t\t\t<div class=\"elementor-widget-container\">\n\t\t\t\t\t\t\t<div class=\"elementor-icon-wrapper\">\n\t\t\t<div class=\"elementor-icon\">\n\t\t\t<i aria-hidden=\"true\" class=\"fas fa-id-badge\"><\/i>\t\t\t<\/div>\n\t\t<\/div>\n\t\t\t\t\t\t<\/div>\n\t\t\t\t<\/div>\n\t\t\t\t<div class=\"elementor-element elementor-element-4cf7d96 elementor-widget elementor-widget-text-editor\" data-id=\"4cf7d96\" data-element_type=\"widget\" data-e-type=\"widget\" data-widget_type=\"text-editor.default\">\n\t\t\t\t<div class=\"elementor-widget-container\">\n\t\t\t\t\t\t\t\t\t<p>Fa\u00e7a aqui a sua inscri\u00e7\u00e3o<\/p>\t\t\t\t\t\t\t\t<\/div>\n\t\t\t\t<\/div>\n\t\t\t\t<div class=\"elementor-element elementor-element-bb8d4a4 elementor-align-center elementor-widget elementor-widget-button\" data-id=\"bb8d4a4\" data-element_type=\"widget\" data-e-type=\"widget\" data-widget_type=\"button.default\">\n\t\t\t\t<div class=\"elementor-widget-container\">\n\t\t\t\t\t\t\t\t\t<div class=\"elementor-button-wrapper\">\n\t\t\t\t\t<a class=\"elementor-button elementor-button-link elementor-size-sm\" href=\"https:\/\/2021.coloquioaprendizados.com\/index.php\/inscricoes\/\">\n\t\t\t\t\t\t<span class=\"elementor-button-content-wrapper\">\n\t\t\t\t\t\t\t\t\t<span class=\"elementor-button-text\">Clique aqui<\/span>\n\t\t\t\t\t<\/span>\n\t\t\t\t\t<\/a>\n\t\t\t\t<\/div>\n\t\t\t\t\t\t\t\t<\/div>\n\t\t\t\t<\/div>\n\t\t\t\t\t<\/div>\n\t\t<\/div>\n\t\t\t\t\t<\/div>\n\t\t<\/section>\n\t\t\t\t<section class=\"elementor-section elementor-top-section elementor-element elementor-element-7ff939b elementor-section-boxed elementor-section-height-default elementor-section-height-default\" data-id=\"7ff939b\" data-element_type=\"section\" data-e-type=\"section\">\n\t\t\t\t\t\t<div class=\"elementor-container elementor-column-gap-default\">\n\t\t\t\t\t<div class=\"elementor-column elementor-col-100 elementor-top-column elementor-element elementor-element-f3836a2\" data-id=\"f3836a2\" data-element_type=\"column\" data-e-type=\"column\">\n\t\t\t<div class=\"elementor-widget-wrap elementor-element-populated\">\n\t\t\t\t\t\t<div class=\"elementor-element elementor-element-77a949f elementor-widget-divider--view-line elementor-widget elementor-widget-divider\" data-id=\"77a949f\" data-element_type=\"widget\" data-e-type=\"widget\" data-widget_type=\"divider.default\">\n\t\t\t\t<div class=\"elementor-widget-container\">\n\t\t\t\t\t\t\t<div class=\"elementor-divider\">\n\t\t\t<span class=\"elementor-divider-separator\">\n\t\t\t\t\t\t<\/span>\n\t\t<\/div>\n\t\t\t\t\t\t<\/div>\n\t\t\t\t<\/div>\n\t\t\t\t<div class=\"elementor-element elementor-element-e2deb2c elementor-widget elementor-widget-text-editor\" data-id=\"e2deb2c\" data-element_type=\"widget\" data-e-type=\"widget\" data-widget_type=\"text-editor.default\">\n\t\t\t\t<div class=\"elementor-widget-container\">\n\t\t\t\t\t\t\t\t\t<p>Col\u00f3quio Aprendizados 2022. Todos os direitos reservados. <span style=\"color: #000000;\"><a style=\"color: #000000;\" href=\"https:\/\/crearesolutions.com.br\/\" target=\"_blank\" rel=\"noopener\">Desenvolvido por Creare Solutions<\/a>.<\/span><\/p>\t\t\t\t\t\t\t\t<\/div>\n\t\t\t\t<\/div>\n\t\t\t\t\t<\/div>\n\t\t<\/div>\n\t\t\t\t\t<\/div>\n\t\t<\/section>\n\t\t\t\t<\/div>\n\t\t","protected":false},"excerpt":{"rendered":"<p>HOME NOSSA LOGO NOSSA M\u00daSICA HIST\u00d3RICO PROGRAMA\u00c7\u00c3O EIXOS COMIT\u00ca COMISS\u00c3O PESQUISADORES INSCRI\u00c7\u00d5ES Programa\u00e7\u00e3o 1\u00ba dia \u2014 1\/09\/2021 2\u00ba dia \u2014 2\/09\/2021 9h \u2013 9h30min \u2014 Mesa de abertura Atividade cultural: Escola Port\u00e1til de M\u00fasica 9h30min \u2013 10h40min \u2014 Confer\u00eancia Celebrar Paulo Freire: diversidade no exerc\u00edcio da democracia e em defesa do direito \u00e0 educa\u00e7\u00e3o para [&hellip;]<\/p>\n","protected":false},"author":1,"featured_media":0,"parent":0,"menu_order":3,"comment_status":"closed","ping_status":"closed","template":"elementor_canvas","meta":{"om_disable_all_campaigns":false,"_monsterinsights_skip_tracking":false,"_monsterinsights_sitenote_active":false,"_monsterinsights_sitenote_note":"","_monsterinsights_sitenote_category":0,"footnotes":""},"class_list":["post-15","page","type-page","status-publish","hentry"],"aioseo_notices":[],"_links":{"self":[{"href":"https:\/\/2021.coloquioaprendizados.com\/index.php\/wp-json\/wp\/v2\/pages\/15","targetHints":{"allow":["GET"]}}],"collection":[{"href":"https:\/\/2021.coloquioaprendizados.com\/index.php\/wp-json\/wp\/v2\/pages"}],"about":[{"href":"https:\/\/2021.coloquioaprendizados.com\/index.php\/wp-json\/wp\/v2\/types\/page"}],"author":[{"embeddable":true,"href":"https:\/\/2021.coloquioaprendizados.com\/index.php\/wp-json\/wp\/v2\/users\/1"}],"replies":[{"embeddable":true,"href":"https:\/\/2021.coloquioaprendizados.com\/index.php\/wp-json\/wp\/v2\/comments?post=15"}],"version-history":[{"count":81,"href":"https:\/\/2021.coloquioaprendizados.com\/index.php\/wp-json\/wp\/v2\/pages\/15\/revisions"}],"predecessor-version":[{"id":1348,"href":"https:\/\/2021.coloquioaprendizados.com\/index.php\/wp-json\/wp\/v2\/pages\/15\/revisions\/1348"}],"wp:attachment":[{"href":"https:\/\/2021.coloquioaprendizados.com\/index.php\/wp-json\/wp\/v2\/media?parent=15"}],"curies":[{"name":"wp","href":"https:\/\/api.w.org\/{rel}","templated":true}]}}