{"id":13,"date":"2021-05-11T16:01:17","date_gmt":"2021-05-11T19:01:17","guid":{"rendered":"https:\/\/2021.coloquioaprendizados.com\/?page_id=13"},"modified":"2022-08-02T17:51:36","modified_gmt":"2022-08-02T20:51:36","slug":"historico","status":"publish","type":"page","link":"https:\/\/2021.coloquioaprendizados.com\/index.php\/historico\/","title":{"rendered":"HIST\u00d3RICO"},"content":{"rendered":"\t\t<div data-elementor-type=\"wp-page\" data-elementor-id=\"13\" class=\"elementor elementor-13\" data-elementor-post-type=\"page\">\n\t\t\t\t\t\t<section class=\"elementor-section elementor-top-section elementor-element elementor-element-09c450e elementor-section-boxed elementor-section-height-default elementor-section-height-default\" data-id=\"09c450e\" data-element_type=\"section\" data-e-type=\"section\" data-settings=\"{&quot;background_background&quot;:&quot;classic&quot;}\">\n\t\t\t\t\t\t<div class=\"elementor-container elementor-column-gap-default\">\n\t\t\t\t\t<div class=\"elementor-column elementor-col-100 elementor-top-column elementor-element elementor-element-30dc098\" data-id=\"30dc098\" data-element_type=\"column\" data-e-type=\"column\">\n\t\t\t<div class=\"elementor-widget-wrap elementor-element-populated\">\n\t\t\t\t\t\t<section class=\"elementor-section elementor-inner-section elementor-element elementor-element-1353185 elementor-section-boxed elementor-section-height-default elementor-section-height-default\" data-id=\"1353185\" data-element_type=\"section\" data-e-type=\"section\">\n\t\t\t\t\t\t<div class=\"elementor-container elementor-column-gap-default\">\n\t\t\t\t\t<div class=\"elementor-column elementor-col-50 elementor-inner-column elementor-element elementor-element-15ea886\" data-id=\"15ea886\" data-element_type=\"column\" data-e-type=\"column\">\n\t\t\t<div class=\"elementor-widget-wrap elementor-element-populated\">\n\t\t\t\t\t\t<div class=\"elementor-element elementor-element-ea298fd elementor-widget elementor-widget-image\" data-id=\"ea298fd\" data-element_type=\"widget\" data-e-type=\"widget\" data-widget_type=\"image.default\">\n\t\t\t\t<div class=\"elementor-widget-container\">\n\t\t\t\t\t\t\t\t\t\t\t\t\t\t\t\t<a href=\"https:\/\/2021.coloquioaprendizados.com\/index.php\/home\/\">\n\t\t\t\t\t\t\t<img fetchpriority=\"high\" decoding=\"async\" width=\"700\" height=\"700\" src=\"https:\/\/2021.coloquioaprendizados.com\/wp-content\/uploads\/2021\/05\/coloquio-aprendizados-Logo-1.jpeg\" class=\"attachment-large size-large wp-image-194\" alt=\"\" srcset=\"https:\/\/2021.coloquioaprendizados.com\/wp-content\/uploads\/2021\/05\/coloquio-aprendizados-Logo-1.jpeg 700w, https:\/\/2021.coloquioaprendizados.com\/wp-content\/uploads\/2021\/05\/coloquio-aprendizados-Logo-1-300x300.jpeg 300w, https:\/\/2021.coloquioaprendizados.com\/wp-content\/uploads\/2021\/05\/coloquio-aprendizados-Logo-1-150x150.jpeg 150w\" sizes=\"(max-width: 700px) 100vw, 700px\" \/>\t\t\t\t\t\t\t\t<\/a>\n\t\t\t\t\t\t\t\t\t\t\t\t\t\t\t<\/div>\n\t\t\t\t<\/div>\n\t\t\t\t\t<\/div>\n\t\t<\/div>\n\t\t\t\t<div class=\"elementor-column elementor-col-50 elementor-inner-column elementor-element elementor-element-8c1406e\" data-id=\"8c1406e\" data-element_type=\"column\" data-e-type=\"column\">\n\t\t\t<div class=\"elementor-widget-wrap elementor-element-populated\">\n\t\t\t\t\t\t<div class=\"elementor-element elementor-element-7bea183 elementor-icon-list--layout-inline elementor-align-center elementor-mobile-align-center elementor-tablet-align-center elementor-list-item-link-full_width elementor-widget elementor-widget-icon-list\" data-id=\"7bea183\" data-element_type=\"widget\" data-e-type=\"widget\" data-widget_type=\"icon-list.default\">\n\t\t\t\t<div class=\"elementor-widget-container\">\n\t\t\t\t\t\t\t<ul class=\"elementor-icon-list-items elementor-inline-items\">\n\t\t\t\t\t\t\t<li class=\"elementor-icon-list-item elementor-inline-item\">\n\t\t\t\t\t\t\t\t\t\t\t<a href=\"https:\/\/2021.coloquioaprendizados.com\/index.php\/\">\n\n\t\t\t\t\t\t\t\t\t\t\t<span class=\"elementor-icon-list-text\">HOME<\/span>\n\t\t\t\t\t\t\t\t\t\t\t<\/a>\n\t\t\t\t\t\t\t\t\t<\/li>\n\t\t\t\t\t\t\t\t<li class=\"elementor-icon-list-item elementor-inline-item\">\n\t\t\t\t\t\t\t\t\t\t\t<a href=\"https:\/\/2021.coloquioaprendizados.com\/index.php\/nossa-logo\/\">\n\n\t\t\t\t\t\t\t\t\t\t\t<span class=\"elementor-icon-list-text\">NOSSA LOGO<\/span>\n\t\t\t\t\t\t\t\t\t\t\t<\/a>\n\t\t\t\t\t\t\t\t\t<\/li>\n\t\t\t\t\t\t\t\t<li class=\"elementor-icon-list-item elementor-inline-item\">\n\t\t\t\t\t\t\t\t\t\t\t<a href=\"https:\/\/2021.coloquioaprendizados.com\/index.php\/nossa-musica\/\">\n\n\t\t\t\t\t\t\t\t\t\t\t<span class=\"elementor-icon-list-text\">NOSSA M\u00daSICA<\/span>\n\t\t\t\t\t\t\t\t\t\t\t<\/a>\n\t\t\t\t\t\t\t\t\t<\/li>\n\t\t\t\t\t\t\t\t<li class=\"elementor-icon-list-item elementor-inline-item\">\n\t\t\t\t\t\t\t\t\t\t\t<a href=\"https:\/\/2021.coloquioaprendizados.com\/index.php\/historico\/\">\n\n\t\t\t\t\t\t\t\t\t\t\t<span class=\"elementor-icon-list-text\">HIST\u00d3RICO<\/span>\n\t\t\t\t\t\t\t\t\t\t\t<\/a>\n\t\t\t\t\t\t\t\t\t<\/li>\n\t\t\t\t\t\t\t\t<li class=\"elementor-icon-list-item elementor-inline-item\">\n\t\t\t\t\t\t\t\t\t\t\t<a href=\"https:\/\/2021.coloquioaprendizados.com\/index.php\/programacao\/\">\n\n\t\t\t\t\t\t\t\t\t\t\t<span class=\"elementor-icon-list-text\">PROGRAMA\u00c7\u00c3O<\/span>\n\t\t\t\t\t\t\t\t\t\t\t<\/a>\n\t\t\t\t\t\t\t\t\t<\/li>\n\t\t\t\t\t\t\t\t<li class=\"elementor-icon-list-item elementor-inline-item\">\n\t\t\t\t\t\t\t\t\t\t\t<a href=\"https:\/\/2021.coloquioaprendizados.com\/index.php\/eixos-tematicos\/\">\n\n\t\t\t\t\t\t\t\t\t\t\t<span class=\"elementor-icon-list-text\">EIXOS<\/span>\n\t\t\t\t\t\t\t\t\t\t\t<\/a>\n\t\t\t\t\t\t\t\t\t<\/li>\n\t\t\t\t\t\t\t\t<li class=\"elementor-icon-list-item elementor-inline-item\">\n\t\t\t\t\t\t\t\t\t\t\t<a href=\"https:\/\/2021.coloquioaprendizados.com\/index.php\/comite-cientifico\/\">\n\n\t\t\t\t\t\t\t\t\t\t\t<span class=\"elementor-icon-list-text\">COMIT\u00ca<\/span>\n\t\t\t\t\t\t\t\t\t\t\t<\/a>\n\t\t\t\t\t\t\t\t\t<\/li>\n\t\t\t\t\t\t\t\t<li class=\"elementor-icon-list-item elementor-inline-item\">\n\t\t\t\t\t\t\t\t\t\t\t<a href=\"https:\/\/2021.coloquioaprendizados.com\/index.php\/comissao-organizadora\/\">\n\n\t\t\t\t\t\t\t\t\t\t\t<span class=\"elementor-icon-list-text\">COMISS\u00c3O<\/span>\n\t\t\t\t\t\t\t\t\t\t\t<\/a>\n\t\t\t\t\t\t\t\t\t<\/li>\n\t\t\t\t\t\t\t\t<li class=\"elementor-icon-list-item elementor-inline-item\">\n\t\t\t\t\t\t\t\t\t\t\t<a href=\"https:\/\/2021.coloquioaprendizados.com\/index.php\/pesquisadores-convidados\/\">\n\n\t\t\t\t\t\t\t\t\t\t\t<span class=\"elementor-icon-list-text\">PESQUISADORES<\/span>\n\t\t\t\t\t\t\t\t\t\t\t<\/a>\n\t\t\t\t\t\t\t\t\t<\/li>\n\t\t\t\t\t\t\t\t<li class=\"elementor-icon-list-item elementor-inline-item\">\n\t\t\t\t\t\t\t\t\t\t\t<a href=\"https:\/\/2021.coloquioaprendizados.com\/index.php\/inscricoes\/\">\n\n\t\t\t\t\t\t\t\t\t\t\t<span class=\"elementor-icon-list-text\">INSCRI\u00c7\u00d5ES<\/span>\n\t\t\t\t\t\t\t\t\t\t\t<\/a>\n\t\t\t\t\t\t\t\t\t<\/li>\n\t\t\t\t\t\t<\/ul>\n\t\t\t\t\t\t<\/div>\n\t\t\t\t<\/div>\n\t\t\t\t\t<\/div>\n\t\t<\/div>\n\t\t\t\t\t<\/div>\n\t\t<\/section>\n\t\t\t\t\t<\/div>\n\t\t<\/div>\n\t\t\t\t\t<\/div>\n\t\t<\/section>\n\t\t\t\t<section class=\"elementor-section elementor-top-section elementor-element elementor-element-67edc89 elementor-section-boxed elementor-section-height-default elementor-section-height-default\" data-id=\"67edc89\" data-element_type=\"section\" data-e-type=\"section\" data-settings=\"{&quot;background_background&quot;:&quot;classic&quot;}\">\n\t\t\t\t\t\t\t<div class=\"elementor-background-overlay\"><\/div>\n\t\t\t\t\t\t\t<div class=\"elementor-container elementor-column-gap-default\">\n\t\t\t\t\t<div class=\"elementor-column elementor-col-100 elementor-top-column elementor-element elementor-element-f4c3d23\" data-id=\"f4c3d23\" data-element_type=\"column\" data-e-type=\"column\">\n\t\t\t<div class=\"elementor-widget-wrap elementor-element-populated\">\n\t\t\t\t\t\t<div class=\"elementor-element elementor-element-39b92a3 elementor-widget elementor-widget-heading\" data-id=\"39b92a3\" data-element_type=\"widget\" data-e-type=\"widget\" data-widget_type=\"heading.default\">\n\t\t\t\t<div class=\"elementor-widget-container\">\n\t\t\t\t\t<h2 class=\"elementor-heading-title elementor-size-default\">Hist\u00f3rico<\/h2>\t\t\t\t<\/div>\n\t\t\t\t<\/div>\n\t\t\t\t\t<\/div>\n\t\t<\/div>\n\t\t\t\t\t<\/div>\n\t\t<\/section>\n\t\t\t\t<section class=\"elementor-section elementor-top-section elementor-element elementor-element-318d2e16 elementor-section-boxed elementor-section-height-default elementor-section-height-default\" data-id=\"318d2e16\" data-element_type=\"section\" data-e-type=\"section\">\n\t\t\t\t\t\t<div class=\"elementor-container elementor-column-gap-default\">\n\t\t\t\t\t<div class=\"elementor-column elementor-col-100 elementor-top-column elementor-element elementor-element-4f6dc709\" data-id=\"4f6dc709\" data-element_type=\"column\" data-e-type=\"column\">\n\t\t\t<div class=\"elementor-widget-wrap elementor-element-populated\">\n\t\t\t\t\t\t<div class=\"elementor-element elementor-element-dad0d37 elementor-widget elementor-widget-spacer\" data-id=\"dad0d37\" data-element_type=\"widget\" data-e-type=\"widget\" data-widget_type=\"spacer.default\">\n\t\t\t\t<div class=\"elementor-widget-container\">\n\t\t\t\t\t\t\t<div class=\"elementor-spacer\">\n\t\t\t<div class=\"elementor-spacer-inner\"><\/div>\n\t\t<\/div>\n\t\t\t\t\t\t<\/div>\n\t\t\t\t<\/div>\n\t\t\t\t<div class=\"elementor-element elementor-element-674d50a9 elementor-widget elementor-widget-text-editor\" data-id=\"674d50a9\" data-element_type=\"widget\" data-e-type=\"widget\" data-widget_type=\"text-editor.default\">\n\t\t\t\t<div class=\"elementor-widget-container\">\n\t\t\t\t\t\t\t\t\t\n<p>O campo da EJA \u00e9 montado em uma arena de disputas. A complexidade em todos os dom\u00ednios da forma\u00e7\u00e3o de pessoas jovens, adultas e idosas; de professores e de agentes sociais na diversidade que os forma nos desafia e exige de pesquisadores dedica\u00e7\u00e3o e estudo permanente. Investiga\u00e7\u00f5es feitas sobre os modos como se d\u00e3o os aprendizados desses sujeitos ultrapassam a formaliza\u00e7\u00e3o da escola, espraiando-se nos m\u00faltiplos espa\u00e7os que educam na sociedade. Nesses espa\u00e7os se faz a vida humana, seja pela a\u00e7\u00e3o do trabalho, de atividades na fam\u00edlia, nas in\u00fameras formas de conceber e compreender o mundo. Esses (im)poss\u00edveis espa\u00e7os criativos e criadores em sociedades complexas e hierarquizadas nos fazem aprender a &#8220;ser&#8221; humanos.<\/p>\n<p>Rela\u00e7\u00f5es estabelecidas com investigadores de diversas universidades e seus projetos alertam para a necessidade de pensar a pesquisa para al\u00e9m de projetos individuais, com novas pr\u00e1ticas mais solid\u00e1rias e cooperativas, especialmente em um campo de conhecimentos pouco valorizado no mapa dos temas em educa\u00e7\u00e3o.<\/p>\n<p>O II Col\u00f3quio Internacional d\u00e1 continuidade \u2014 apesar da interrup\u00e7\u00e3o temporal ocorrida por for\u00e7a da pandemia \u2014 ao I Col\u00f3quio Internacional Aprendizados ao longo da vida, nascido em 2017, que desenvolveu com \u00eaxito objetivos tra\u00e7ados, com o aux\u00edlio financeiro de uma bolsa de pesquisa JCNE\/Faperj, naquele momento de fazer hist\u00f3rico.<\/p>\n<p>Retoma-se a ideia do II Col\u00f3quio com a experi\u00eancia do fazer virtual (obtida pela integra\u00e7\u00e3o \u00e0 comiss\u00e3o local da 14\u00aa edi\u00e7\u00e3o da Anped Regional SE); do apoio de uma bolsa Cientista do Nosso Estado (CNE\/Faperj); e da experi\u00eancia obtida pela equipe do Grupo de Pesquisa, depois de se constatar a perman\u00eancia de uma pandemia que j\u00e1 ultrapassou um ano de exist\u00eancia e que se agrava a cada dia, vitimando mais e mais brasileiros. N\u00e3o cedendo ao imobilismo e \u00e0 tristeza que acomete a todos e todas n\u00f3s, implacavelmente, pelas perdas sofridas, decide-se pela resist\u00eancia.<\/p>\n<p>Retoma-se a relev\u00e2ncia do evento, especialmente como celebra\u00e7\u00e3o ao Centen\u00e1rio de Paulo Freire, comemorado nas mais diferentes institui\u00e7\u00f5es no Brasil e em todo o mundo. Paulo Freire, portanto, \u00e9 o grande homenageado desse II Col\u00f3quio e seu pensamento tematiza e problematiza reflex\u00f5es e discuss\u00f5es sob o tema Celebrar Paulo Freire: diversidade no exerc\u00edcio da democracia e em defesa do direito \u00e0 educa\u00e7\u00e3o para jovens, adultos e idosos.<\/p>\n<p>Para isso, organizam-se tr\u00eas eixos: a) Paulo Freire e diversidade como for\u00e7a pol\u00edtico-cultural; b) Paulo Freire e diversidade no exerc\u00edcio da democracia; c) Paulo Freire e direito \u00e0 educa\u00e7\u00e3o para jovens, adultos e idosos. Convidam-se pesquisadores da EJA, professores da educa\u00e7\u00e3o b\u00e1sica, da educa\u00e7\u00e3o popular e da diversidade de sujeitos de pr\u00e1ticas culturais cotidianas a intercambiarem\/enredarem experi\u00eancias de pesquisa e de pr\u00e1ticas \u2014 epistemol\u00f3gicas, te\u00f3ricas e metodol\u00f3gicas \u2014 na tem\u00e1tica proposta, com a liberdade de debater e discutir percursos investigativos e trajet\u00f3rias percorridas.<\/p>\n\t\t\t\t\t\t\t\t<\/div>\n\t\t\t\t<\/div>\n\t\t\t\t<div class=\"elementor-element elementor-element-2cd2f26 elementor-widget elementor-widget-spacer\" data-id=\"2cd2f26\" data-element_type=\"widget\" data-e-type=\"widget\" data-widget_type=\"spacer.default\">\n\t\t\t\t<div class=\"elementor-widget-container\">\n\t\t\t\t\t\t\t<div class=\"elementor-spacer\">\n\t\t\t<div class=\"elementor-spacer-inner\"><\/div>\n\t\t<\/div>\n\t\t\t\t\t\t<\/div>\n\t\t\t\t<\/div>\n\t\t\t\t\t<\/div>\n\t\t<\/div>\n\t\t\t\t\t<\/div>\n\t\t<\/section>\n\t\t\t\t<section class=\"elementor-section elementor-top-section elementor-element elementor-element-e8d276d elementor-section-boxed elementor-section-height-default elementor-section-height-default elementor-invisible\" data-id=\"e8d276d\" data-element_type=\"section\" data-e-type=\"section\" data-settings=\"{&quot;shape_divider_top&quot;:&quot;mountains&quot;,&quot;animation&quot;:&quot;fadeIn&quot;}\">\n\t\t\t\t\t<div class=\"elementor-shape elementor-shape-top\" aria-hidden=\"true\" data-negative=\"false\">\n\t\t\t<svg xmlns=\"http:\/\/www.w3.org\/2000\/svg\" viewBox=\"0 0 1000 100\" preserveAspectRatio=\"none\">\n\t<path class=\"elementor-shape-fill\" opacity=\"0.33\" d=\"M473,67.3c-203.9,88.3-263.1-34-320.3,0C66,119.1,0,59.7,0,59.7V0h1000v59.7 c0,0-62.1,26.1-94.9,29.3c-32.8,3.3-62.8-12.3-75.8-22.1C806,49.6,745.3,8.7,694.9,4.7S492.4,59,473,67.3z\"\/>\n\t<path class=\"elementor-shape-fill\" opacity=\"0.66\" d=\"M734,67.3c-45.5,0-77.2-23.2-129.1-39.1c-28.6-8.7-150.3-10.1-254,39.1 s-91.7-34.4-149.2,0C115.7,118.3,0,39.8,0,39.8V0h1000v36.5c0,0-28.2-18.5-92.1-18.5C810.2,18.1,775.7,67.3,734,67.3z\"\/>\n\t<path class=\"elementor-shape-fill\" d=\"M766.1,28.9c-200-57.5-266,65.5-395.1,19.5C242,1.8,242,5.4,184.8,20.6C128,35.8,132.3,44.9,89.9,52.5C28.6,63.7,0,0,0,0 h1000c0,0-9.9,40.9-83.6,48.1S829.6,47,766.1,28.9z\"\/>\n<\/svg>\t\t<\/div>\n\t\t\t\t\t<div class=\"elementor-container elementor-column-gap-default\">\n\t\t\t\t\t<div class=\"elementor-column elementor-col-33 elementor-top-column elementor-element elementor-element-ba3f6f6\" data-id=\"ba3f6f6\" data-element_type=\"column\" data-e-type=\"column\">\n\t\t\t<div class=\"elementor-widget-wrap elementor-element-populated\">\n\t\t\t\t\t\t<div class=\"elementor-element elementor-element-67d1a8f elementor-widget elementor-widget-image\" data-id=\"67d1a8f\" data-element_type=\"widget\" data-e-type=\"widget\" data-widget_type=\"image.default\">\n\t\t\t\t<div class=\"elementor-widget-container\">\n\t\t\t\t\t\t\t\t\t\t\t\t\t\t\t\t<a href=\"https:\/\/2021.coloquioaprendizados.com\/index.php\/nossa-logo\/\">\n\t\t\t\t\t\t\t<img fetchpriority=\"high\" decoding=\"async\" width=\"700\" height=\"700\" src=\"https:\/\/2021.coloquioaprendizados.com\/wp-content\/uploads\/2021\/05\/coloquio-aprendizados-Logo-1.jpeg\" class=\"attachment-large size-large wp-image-194\" alt=\"\" srcset=\"https:\/\/2021.coloquioaprendizados.com\/wp-content\/uploads\/2021\/05\/coloquio-aprendizados-Logo-1.jpeg 700w, https:\/\/2021.coloquioaprendizados.com\/wp-content\/uploads\/2021\/05\/coloquio-aprendizados-Logo-1-300x300.jpeg 300w, https:\/\/2021.coloquioaprendizados.com\/wp-content\/uploads\/2021\/05\/coloquio-aprendizados-Logo-1-150x150.jpeg 150w\" sizes=\"(max-width: 700px) 100vw, 700px\" \/>\t\t\t\t\t\t\t\t<\/a>\n\t\t\t\t\t\t\t\t\t\t\t\t\t\t\t<\/div>\n\t\t\t\t<\/div>\n\t\t\t\t\t<\/div>\n\t\t<\/div>\n\t\t\t\t<div class=\"elementor-column elementor-col-33 elementor-top-column elementor-element elementor-element-8228d6b\" data-id=\"8228d6b\" data-element_type=\"column\" data-e-type=\"column\">\n\t\t\t<div class=\"elementor-widget-wrap elementor-element-populated\">\n\t\t\t\t\t\t<div class=\"elementor-element elementor-element-1e51eff elementor-view-default elementor-widget elementor-widget-icon\" data-id=\"1e51eff\" data-element_type=\"widget\" data-e-type=\"widget\" data-widget_type=\"icon.default\">\n\t\t\t\t<div class=\"elementor-widget-container\">\n\t\t\t\t\t\t\t<div class=\"elementor-icon-wrapper\">\n\t\t\t<div class=\"elementor-icon\">\n\t\t\t<i aria-hidden=\"true\" class=\"fas fa-calendar-alt\"><\/i>\t\t\t<\/div>\n\t\t<\/div>\n\t\t\t\t\t\t<\/div>\n\t\t\t\t<\/div>\n\t\t\t\t<div class=\"elementor-element elementor-element-f0c68ad elementor-widget elementor-widget-text-editor\" data-id=\"f0c68ad\" data-element_type=\"widget\" data-e-type=\"widget\" data-widget_type=\"text-editor.default\">\n\t\t\t\t<div class=\"elementor-widget-container\">\n\t\t\t\t\t\t\t\t\t<p>Confira a programa\u00e7\u00e3o completa!<\/p>\t\t\t\t\t\t\t\t<\/div>\n\t\t\t\t<\/div>\n\t\t\t\t<div class=\"elementor-element elementor-element-770fcf3 elementor-align-center elementor-widget elementor-widget-button\" data-id=\"770fcf3\" data-element_type=\"widget\" data-e-type=\"widget\" data-widget_type=\"button.default\">\n\t\t\t\t<div class=\"elementor-widget-container\">\n\t\t\t\t\t\t\t\t\t<div class=\"elementor-button-wrapper\">\n\t\t\t\t\t<a class=\"elementor-button elementor-button-link elementor-size-sm\" href=\"https:\/\/2021.coloquioaprendizados.com\/index.php\/pprogramacao\/\">\n\t\t\t\t\t\t<span class=\"elementor-button-content-wrapper\">\n\t\t\t\t\t\t\t\t\t<span class=\"elementor-button-text\">Clique aqui<\/span>\n\t\t\t\t\t<\/span>\n\t\t\t\t\t<\/a>\n\t\t\t\t<\/div>\n\t\t\t\t\t\t\t\t<\/div>\n\t\t\t\t<\/div>\n\t\t\t\t\t<\/div>\n\t\t<\/div>\n\t\t\t\t<div class=\"elementor-column elementor-col-33 elementor-top-column elementor-element elementor-element-787b1bf\" data-id=\"787b1bf\" data-element_type=\"column\" data-e-type=\"column\">\n\t\t\t<div class=\"elementor-widget-wrap elementor-element-populated\">\n\t\t\t\t\t\t<div class=\"elementor-element elementor-element-476f6a9 elementor-view-default elementor-widget elementor-widget-icon\" data-id=\"476f6a9\" data-element_type=\"widget\" data-e-type=\"widget\" data-widget_type=\"icon.default\">\n\t\t\t\t<div class=\"elementor-widget-container\">\n\t\t\t\t\t\t\t<div class=\"elementor-icon-wrapper\">\n\t\t\t<div class=\"elementor-icon\">\n\t\t\t<i aria-hidden=\"true\" class=\"fas fa-id-badge\"><\/i>\t\t\t<\/div>\n\t\t<\/div>\n\t\t\t\t\t\t<\/div>\n\t\t\t\t<\/div>\n\t\t\t\t<div class=\"elementor-element elementor-element-718a5a9 elementor-widget elementor-widget-text-editor\" data-id=\"718a5a9\" data-element_type=\"widget\" data-e-type=\"widget\" data-widget_type=\"text-editor.default\">\n\t\t\t\t<div class=\"elementor-widget-container\">\n\t\t\t\t\t\t\t\t\t<p>Fa\u00e7a aqui a sua inscri\u00e7\u00e3o<\/p>\t\t\t\t\t\t\t\t<\/div>\n\t\t\t\t<\/div>\n\t\t\t\t<div class=\"elementor-element elementor-element-9984755 elementor-align-center elementor-widget elementor-widget-button\" data-id=\"9984755\" data-element_type=\"widget\" data-e-type=\"widget\" data-widget_type=\"button.default\">\n\t\t\t\t<div class=\"elementor-widget-container\">\n\t\t\t\t\t\t\t\t\t<div class=\"elementor-button-wrapper\">\n\t\t\t\t\t<a class=\"elementor-button elementor-button-link elementor-size-sm\" href=\"https:\/\/2021.coloquioaprendizados.com\/index.php\/inscricoes\/\">\n\t\t\t\t\t\t<span class=\"elementor-button-content-wrapper\">\n\t\t\t\t\t\t\t\t\t<span class=\"elementor-button-text\">Clique aqui<\/span>\n\t\t\t\t\t<\/span>\n\t\t\t\t\t<\/a>\n\t\t\t\t<\/div>\n\t\t\t\t\t\t\t\t<\/div>\n\t\t\t\t<\/div>\n\t\t\t\t\t<\/div>\n\t\t<\/div>\n\t\t\t\t\t<\/div>\n\t\t<\/section>\n\t\t\t\t<section class=\"elementor-section elementor-top-section elementor-element elementor-element-0e835a0 elementor-section-boxed elementor-section-height-default elementor-section-height-default\" data-id=\"0e835a0\" data-element_type=\"section\" data-e-type=\"section\">\n\t\t\t\t\t\t<div class=\"elementor-container elementor-column-gap-default\">\n\t\t\t\t\t<div class=\"elementor-column elementor-col-100 elementor-top-column elementor-element elementor-element-354e22a\" data-id=\"354e22a\" data-element_type=\"column\" data-e-type=\"column\">\n\t\t\t<div class=\"elementor-widget-wrap elementor-element-populated\">\n\t\t\t\t\t\t<div class=\"elementor-element elementor-element-9f376d4 elementor-widget-divider--view-line elementor-widget elementor-widget-divider\" data-id=\"9f376d4\" data-element_type=\"widget\" data-e-type=\"widget\" data-widget_type=\"divider.default\">\n\t\t\t\t<div class=\"elementor-widget-container\">\n\t\t\t\t\t\t\t<div class=\"elementor-divider\">\n\t\t\t<span class=\"elementor-divider-separator\">\n\t\t\t\t\t\t<\/span>\n\t\t<\/div>\n\t\t\t\t\t\t<\/div>\n\t\t\t\t<\/div>\n\t\t\t\t<div class=\"elementor-element elementor-element-3121a13 elementor-widget elementor-widget-text-editor\" data-id=\"3121a13\" data-element_type=\"widget\" data-e-type=\"widget\" data-widget_type=\"text-editor.default\">\n\t\t\t\t<div class=\"elementor-widget-container\">\n\t\t\t\t\t\t\t\t\t<p>Col\u00f3quio Aprendizados 2022. Todos os direitos reservados. <span style=\"color: #000000;\"><a style=\"color: #000000;\" href=\"https:\/\/crearesolutions.com.br\/\" target=\"_blank\" rel=\"noopener\">Desenvolvido por Creare Solutions<\/a>.<\/span><\/p>\t\t\t\t\t\t\t\t<\/div>\n\t\t\t\t<\/div>\n\t\t\t\t\t<\/div>\n\t\t<\/div>\n\t\t\t\t\t<\/div>\n\t\t<\/section>\n\t\t\t\t<section class=\"elementor-section elementor-top-section elementor-element elementor-element-acac14a elementor-section-boxed elementor-section-height-default elementor-section-height-default\" data-id=\"acac14a\" data-element_type=\"section\" data-e-type=\"section\">\n\t\t\t\t\t\t<div class=\"elementor-container elementor-column-gap-default\">\n\t\t\t\t\t<div class=\"elementor-column elementor-col-100 elementor-top-column elementor-element elementor-element-38c743b\" data-id=\"38c743b\" data-element_type=\"column\" data-e-type=\"column\">\n\t\t\t<div class=\"elementor-widget-wrap\">\n\t\t\t\t\t\t\t<\/div>\n\t\t<\/div>\n\t\t\t\t\t<\/div>\n\t\t<\/section>\n\t\t\t\t<\/div>\n\t\t","protected":false},"excerpt":{"rendered":"<p>HOME NOSSA LOGO NOSSA M\u00daSICA HIST\u00d3RICO PROGRAMA\u00c7\u00c3O EIXOS COMIT\u00ca COMISS\u00c3O PESQUISADORES INSCRI\u00c7\u00d5ES Hist\u00f3rico O campo da EJA \u00e9 montado em uma arena de disputas. A complexidade em todos os dom\u00ednios da forma\u00e7\u00e3o de pessoas jovens, adultas e idosas; de professores e de agentes sociais na diversidade que os forma nos desafia e exige de pesquisadores [&hellip;]<\/p>\n","protected":false},"author":1,"featured_media":0,"parent":0,"menu_order":2,"comment_status":"closed","ping_status":"closed","template":"elementor_canvas","meta":{"om_disable_all_campaigns":false,"_monsterinsights_skip_tracking":false,"_monsterinsights_sitenote_active":false,"_monsterinsights_sitenote_note":"","_monsterinsights_sitenote_category":0,"footnotes":""},"class_list":["post-13","page","type-page","status-publish","hentry"],"aioseo_notices":[],"_links":{"self":[{"href":"https:\/\/2021.coloquioaprendizados.com\/index.php\/wp-json\/wp\/v2\/pages\/13","targetHints":{"allow":["GET"]}}],"collection":[{"href":"https:\/\/2021.coloquioaprendizados.com\/index.php\/wp-json\/wp\/v2\/pages"}],"about":[{"href":"https:\/\/2021.coloquioaprendizados.com\/index.php\/wp-json\/wp\/v2\/types\/page"}],"author":[{"embeddable":true,"href":"https:\/\/2021.coloquioaprendizados.com\/index.php\/wp-json\/wp\/v2\/users\/1"}],"replies":[{"embeddable":true,"href":"https:\/\/2021.coloquioaprendizados.com\/index.php\/wp-json\/wp\/v2\/comments?post=13"}],"version-history":[{"count":91,"href":"https:\/\/2021.coloquioaprendizados.com\/index.php\/wp-json\/wp\/v2\/pages\/13\/revisions"}],"predecessor-version":[{"id":1345,"href":"https:\/\/2021.coloquioaprendizados.com\/index.php\/wp-json\/wp\/v2\/pages\/13\/revisions\/1345"}],"wp:attachment":[{"href":"https:\/\/2021.coloquioaprendizados.com\/index.php\/wp-json\/wp\/v2\/media?parent=13"}],"curies":[{"name":"wp","href":"https:\/\/api.w.org\/{rel}","templated":true}]}}